{"id":1593,"date":"2025-09-12T12:30:08","date_gmt":"2025-09-12T10:30:08","guid":{"rendered":"https:\/\/nolwi.dk.bluebird.pw\/forside\/"},"modified":"2025-12-18T12:23:24","modified_gmt":"2025-12-18T10:23:24","slug":"forside","status":"publish","type":"page","link":"https:\/\/nolwi.dk.bluebird.pw\/de\/","title":{"rendered":"Forside"},"content":{"rendered":"\n<section class=\"wp-block-morningmodules-cover mt-cover mt-cover--white-text is-style-tall\"><div class=\"mt-cover__container\"><div class=\"mt-cover__overlay mt-cover__overlay--blend-mode-normal mt-cover__overlay--opacity-2\"><\/div><div class=\"mt-cover__image-container object-fit\"><video class=\"\" muted autoplay loop playsinline aria-hidden=\"true\" style=\"object-position:center\" src=\"https:\/\/nolwi.dk.bluebird.pw\/wp-content\/uploads\/2025\/09\/cover.mp4\"><\/video><\/div><div class=\"mt-cover__inner page-container\"><div class=\"mt-cover__text-container\">\n<p class=\"wp-block-paragraph eplus-wrapper\">TYSK &#8211; Velkommen til dit digitale legekartotek \u2013 skabt til p\u00e6dagoger, der \u00f8nsker at g\u00f8re hverdagen i daginstitutionen b\u00e5de sjov, l\u00e6rerig og nem at planl\u00e6gge.<\/p>\n\n\n\n<div class=\"wp-block-buttons eplus-wrapper is-layout-flex wp-block-buttons-is-layout-flex\"><div class=\"is-style-purple wp-block-button eplus-wrapper eplus-styles-uid-e3a627\"><a class=\"wp-block-button__link wp-element-button\" href=\"https:\/\/nolwi.dk.bluebird.pw\/aktiviteter\/\">Bliv medlem<\/a><\/div><\/div>\n<\/div><\/div><\/div><\/section>\n\n<section class=\"wp-block-morningmodules-text-link-boxes mt-text-link-boxes mt-text-link-boxes--mobile-slider is-style-bg-secondary mtSpacing-bottom-small mtSpacing-top-small\" data-count=\"4\"><div class=\"mt-text-link-boxes__wrapper\"><div class=\"mt-text-link-boxes__inner\"><div class=\"mt-text-link-boxes__text-container\"><h2 class=\"mt-title mt-text-link-boxes__title mt-title\">Inspiration til hele \u00e5ret<\/h2><\/div><div class=\"mt-text-link-boxes__boxes-wrapper\"><div class=\"swiper\"><div class=\"swiper-wrapper\">\n<div class=\"wp-block-morningmodules-text-link-box mt-text-link-box swiper-slide\"><a href=\"https:\/\/nolwi.dk.bluebird.pw\/aktiviteter\/\" rel=\"noopener\" target=\"_self\" class=\"mt-text-link-box__link\"><\/a><div class=\"mt-text-link-box__title-container\"><h3 class=\"mt-title mt-text-link-box__title mt-title\">Bev\u00e6gelseslege<\/h3><\/div><p class=\"mt-text-link-box__text\">Lege hvor b\u00f8rnene f\u00e5r brugt kroppen, styrket motorikken og br\u00e6ndt krudt af.<br\/>B\u00e5de inde og ude<\/p><div class=\"mt-text-link-box__button-wrapper\"><div class=\"mt-text-link-box__button\">Udforsk lege<\/div><\/div><\/div>\n\n\n\n<div class=\"wp-block-morningmodules-text-link-box mt-text-link-box swiper-slide\"><a href=\"https:\/\/nolwi.dk.bluebird.pw\/aktiviteter\/\" rel=\"noopener\" target=\"_self\" class=\"mt-text-link-box__link\"><\/a><div class=\"mt-text-link-box__title-container\"><h3 class=\"mt-title mt-text-link-box__title mt-title\">Stille lege<\/h3><\/div><p class=\"mt-text-link-box__text\">Aktiviteter der skaber ro, fordybelse og plads til eftertanke. Perfekt til overgangssituationer eller sm\u00e5 pauser.<\/p><div class=\"mt-text-link-box__button-wrapper\"><div class=\"mt-text-link-box__button\">Udforsk lege<\/div><\/div><\/div>\n\n\n\n<div class=\"wp-block-morningmodules-text-link-box mt-text-link-box swiper-slide\"><a href=\"https:\/\/nolwi.dk.bluebird.pw\/aktiviteter\/\" rel=\"noopener\" target=\"_self\" class=\"mt-text-link-box__link\"><\/a><div class=\"mt-text-link-box__title-container\"><h3 class=\"mt-title mt-text-link-box__title mt-title\">Kreative aktiviteter<\/h3><\/div><p class=\"mt-text-link-box__text\">Lege og projekter hvor b\u00f8rnene kan male, klippe, forme og udtrykke sig \u2013 med h\u00e6nderne og fantasien.<\/p><div class=\"mt-text-link-box__button-wrapper\"><div class=\"mt-text-link-box__button\">Udforsk lege<\/div><\/div><\/div>\n\n\n\n<div class=\"wp-block-morningmodules-text-link-box mt-text-link-box swiper-slide\"><a href=\"https:\/\/nolwi.dk.bluebird.pw\/aktiviteter\/\" rel=\"noopener\" target=\"_self\" class=\"mt-text-link-box__link\"><\/a><div class=\"mt-text-link-box__title-container\"><h3 class=\"mt-title mt-text-link-box__title mt-title\">Musik og rytmik<\/h3><\/div><p class=\"mt-text-link-box__text\">Leg med lyd, bev\u00e6gelse og rytme \u2013 styrker b\u00e5de f\u00e6llesskab, sprog og kropsforst\u00e5else.<\/p><div class=\"mt-text-link-box__button-wrapper\"><div class=\"mt-text-link-box__button\">Udforsk lege<\/div><\/div><\/div>\n\n\n\n<div class=\"wp-block-morningmodules-text-link-box mt-text-link-box swiper-slide\"><a href=\"https:\/\/nolwi.dk.bluebird.pw\/aktiviteter\/\" rel=\"noopener\" target=\"_self\" class=\"mt-text-link-box__link\"><\/a><div class=\"mt-text-link-box__title-container\"><h3 class=\"mt-title mt-text-link-box__title mt-title\">Fort\u00e6lle- og rollespilslege<\/h3><\/div><p class=\"mt-text-link-box__text\">Giv plads til fantasi og fort\u00e6lling med lege der styrker b\u00f8rns sociale og sproglige kompetencer.<\/p><div class=\"mt-text-link-box__button-wrapper\"><div class=\"mt-text-link-box__button\">Udforsk lege<\/div><\/div><\/div>\n\n\n\n<div class=\"wp-block-morningmodules-text-link-box mt-text-link-box swiper-slide\"><a href=\"https:\/\/nolwi.dk.bluebird.pw\/aktiviteter\/\" rel=\"noopener\" target=\"_self\" class=\"mt-text-link-box__link\"><\/a><div class=\"mt-text-link-box__title-container\"><h3 class=\"mt-title mt-text-link-box__title mt-title\">Sanselege<\/h3><\/div><p class=\"mt-text-link-box__text\">Lege der stimulerer lugt, syn, h\u00f8relse, smag og f\u00f8lesans \u2013 og inviterer til opdagelse.<\/p><div class=\"mt-text-link-box__button-wrapper\"><div class=\"mt-text-link-box__button\">Udforsk lege<\/div><\/div><\/div>\n\n\n\n<div class=\"wp-block-morningmodules-text-link-box mt-text-link-box swiper-slide\"><a href=\"https:\/\/nolwi.dk.bluebird.pw\/aktiviteter\/\" rel=\"noopener\" target=\"_self\" class=\"mt-text-link-box__link\"><\/a><div class=\"mt-text-link-box__title-container\"><h3 class=\"mt-title mt-text-link-box__title mt-title\">Indend\u00f8rslege<\/h3><\/div><p class=\"mt-text-link-box__text\">Aktiviteter der passer perfekt til sm\u00e5 rum, regnvejrsdage eller stille stunder indend\u00f8rs.<\/p><div class=\"mt-text-link-box__button-wrapper\"><div class=\"mt-text-link-box__button\">Udforsk lege<\/div><\/div><\/div>\n\n\n\n<div class=\"wp-block-morningmodules-text-link-box mt-text-link-box swiper-slide\"><a href=\"https:\/\/nolwi.dk.bluebird.pw\/aktiviteter\/\" rel=\"noopener\" target=\"_self\" class=\"mt-text-link-box__link\"><\/a><div class=\"mt-text-link-box__title-container\"><h3 class=\"mt-title mt-text-link-box__title mt-title\">Udend\u00f8rslege<\/h3><\/div><p class=\"mt-text-link-box__text\">Udend\u00f8rsaktiviteter der inviterer til bev\u00e6gelse, leg og l\u00e6ring i naturen eller p\u00e5 legepladsen.<\/p><div class=\"mt-text-link-box__button-wrapper\"><div class=\"mt-text-link-box__button\">Udforsk lege<\/div><\/div><\/div>\n<\/div><\/div><div class=\"mt-text-link-boxes__navigation swiper-bottom-container\"><div class=\"mt-text-link-boxes__swiper-progress swiper-progress\"><\/div><div class=\"mt-text-link-boxes__swiper-buttons swiper-buttons\"><div class=\"mt-text-link-boxes__swiper-button mt-text-link-boxes__swiper-button--prev swiper-button-prev\"><\/div><div class=\"mt-text-link-boxes__swiper-button mt-text-link-boxes__swiper-button--next swiper-button-next\"><\/div><\/div><\/div><\/div><\/div><\/div><\/section>\n\n<section class=\"wp-block-morningmodules-text-media mt-text-media mt-text-media--align-media-left mt-text-media--align-media-mobile-bottom is-style-bg-tertiary is-style-bg-yellow mtSpacing-bottom-small mtSpacing-top-small\"><div class=\"mt-text-media__inner\"><div class=\"mt-text-media__media-container\"><img decoding=\"async\" class=\"\" src=\"https:\/\/nolwi.dk.bluebird.pw\/wp-content\/uploads\/2025\/09\/mike-cox-tRuD5RHbPUo-unsplash-1024x683.jpg\" alt=\"mike-cox-tRuD5RHbPUo-unsplash\" style=\"object-position:center\"\/><div class=\"mt-text-media__play-button mt-text-media__play-button--black open-video-modal\" data-url=\"https:\/\/nolwi.dk.bluebird.pw\/wp-content\/uploads\/2025\/09\/cover.mp4\">Se hele videoen<\/div><\/div><div class=\"mt-text-media__text-container\"><h2 class=\"mt-title mt-text-media__title mt-title\">Nolwi &#8211; et professionelt redskab til daginstitutioner<\/h2>\n\n<p class=\"wp-block-paragraph eplus-wrapper\">Nolwi giver p\u00e6dagoger adgang til over 400 aktiviteter, hver med tydeligt p\u00e6dagogisk form\u00e5l og refleksion. P\u00e5 den m\u00e5de bliver det klart, hvorfor aktiviteterne anvendes, og hvordan de underst\u00f8tter l\u00e6ring og trivsel.<\/p>\n\n\n<p class=\"wp-block-paragraph eplus-wrapper\">Alt er klargjort, s\u00e5 planl\u00e6gning, uge- og \u00e5rsplaner kan laves hurtigt og enkelt. Et visuelt barometer giver desuden overblik over de seks p\u00e6dagogiske l\u00e6replanstemaer, s\u00e5 arbejdet bliver systematisk, m\u00e5lrettet og let at dokumentere.<\/p>\n\n\n<p class=\"wp-block-paragraph eplus-wrapper\">Biblioteket rummer 200+ aktiviteter m\u00e5lrettet vuggestuen og 200+ aktiviteter m\u00e5lrettet b\u00f8rnehaven, s\u00e5 hver institution kan bruge de forslag, der passer til deres b\u00f8rnegruppe.<\/p>\n\n\n<div class=\"wp-block-buttons eplus-wrapper is-layout-flex wp-block-buttons-is-layout-flex\">\n<div class=\"is-style-purple wp-block-button eplus-wrapper eplus-styles-uid-e975da\"><a class=\"wp-block-button__link wp-element-button\" href=\"https:\/\/nolwi.dk.bluebird.pw\/nolwi\/\">L\u00e6s mere om os<\/a><\/div>\n<\/div>\n\n<\/div><\/div><\/section>\n\n<section class=\"wp-block-morningmodules-breaker mt-breaker mt-breaker--white-text is-style-bg-default mtSpacing-bottom-none mtSpacing-top-none\"><div class=\"mt-breaker__container\"><div class=\"mt-breaker__overlay mt-breaker__overlay--blend-mode-normal mt-breaker__overlay--opacity-3\"><\/div><div class=\"mt-breaker__image-container object-fit\"><img decoding=\"async\" class=\"mt-breaker__image-container object-fit\" src=\"https:\/\/nolwi.dk.bluebird.pw\/wp-content\/uploads\/2025\/09\/breaker-scaled.jpg\" alt=\"breaker\" style=\"object-position:center\"\/><\/div><div class=\"mt-breaker__inner page-container\"><div class=\"mt-breaker__text-container\"><h2 class=\"mt-title mt-breaker__title mt-title\">Planl\u00e6g hele \u00e5ret med vores kalender og \u00e5rshjul<\/h2>\n<p class=\"wp-block-paragraph eplus-wrapper\">Med Nolwi bliver planl\u00e6gning enkel \u2013 alt er klargjort, s\u00e5 uge- og \u00e5rsplaner kan laves p\u00e5 f\u00e5 minutter. Samtidig f\u00e5r p\u00e6dagoger et klart overblik over \u00e5ret, hvor aktiviteter nemt kan struktureres og g\u00f8res synlige i det p\u00e6dagogiske arbejde.<\/p>\n\n\n\n<div class=\"wp-block-buttons eplus-wrapper is-layout-flex wp-block-buttons-is-layout-flex\"><div class=\"is-style-white wp-block-button eplus-wrapper eplus-styles-uid-610f63\"><a class=\"wp-block-button__link wp-element-button\">Planl\u00e6g din kalender<\/a><\/div>\n\n<div class=\"is-style-white wp-block-button eplus-wrapper eplus-styles-uid-e342aa\"><a class=\"wp-block-button__link wp-element-button\">Opdag l\u00e6ringshjulet<\/a><\/div><\/div>\n<\/div><\/div><\/div><\/section>\n\n<p class=\"wp-block-paragraph eplus-wrapper\"><\/p>\n","protected":false},"excerpt":{"rendered":"","protected":false},"author":1,"featured_media":0,"parent":0,"menu_order":0,"comment_status":"closed","ping_status":"closed","template":"","meta":{"_acf_changed":false,"editor_plus_copied_stylings":"{}","footnotes":""},"class_list":["post-1593","page","type-page","status-publish","hentry"],"acf":[],"_links":{"self":[{"href":"https:\/\/nolwi.dk.bluebird.pw\/de\/wp-json\/wp\/v2\/pages\/1593","targetHints":{"allow":["GET"]}}],"collection":[{"href":"https:\/\/nolwi.dk.bluebird.pw\/de\/wp-json\/wp\/v2\/pages"}],"about":[{"href":"https:\/\/nolwi.dk.bluebird.pw\/de\/wp-json\/wp\/v2\/types\/page"}],"author":[{"embeddable":true,"href":"https:\/\/nolwi.dk.bluebird.pw\/de\/wp-json\/wp\/v2\/users\/1"}],"replies":[{"embeddable":true,"href":"https:\/\/nolwi.dk.bluebird.pw\/de\/wp-json\/wp\/v2\/comments?post=1593"}],"version-history":[{"count":2,"href":"https:\/\/nolwi.dk.bluebird.pw\/de\/wp-json\/wp\/v2\/pages\/1593\/revisions"}],"predecessor-version":[{"id":1597,"href":"https:\/\/nolwi.dk.bluebird.pw\/de\/wp-json\/wp\/v2\/pages\/1593\/revisions\/1597"}],"wp:attachment":[{"href":"https:\/\/nolwi.dk.bluebird.pw\/de\/wp-json\/wp\/v2\/media?parent=1593"}],"curies":[{"name":"wp","href":"https:\/\/api.w.org\/{rel}","templated":true}]}}